{"id":3520,"date":"2021-10-22T10:40:18","date_gmt":"2021-10-22T07:40:18","guid":{"rendered":"http:\/\/www.kehitystutkimus.fi\/conference\/?page_id=3520"},"modified":"2025-12-27T04:07:49","modified_gmt":"2025-12-27T02:07:49","slug":"organising-committee-2","status":"publish","type":"page","link":"https:\/\/www.kehitystutkimus.fi\/conference\/organising-committee-2","title":{"rendered":"Organising Committee"},"content":{"rendered":"<p style=\"text-align: left;\"><strong>Co-Chairs:<\/strong><\/p>\n<p style=\"text-align: left;\">Bonn Juego (University of Jyv\u00e4skyl\u00e4)<\/p>\n<p style=\"text-align: left;\">Tiina Sepp\u00e4l\u00e4 (University of Helsinki)<\/p>\n<p>Martta Kaskinen (University of Helsinki)<\/p>\n<p style=\"text-align: left;\"><strong>Conference secretariat:<\/strong><\/p>\n<p>Secretary: Jos\u00e9 Luis Riega Cayetano (Tampere University)<\/p>\n<p style=\"text-align: left;\">Write to: <span style=\"color: #333333;\"><a style=\"color: #333333;\" href=\"mailto:info.developmentdays@gmail.com\">info.developmentdays@gmail.com<\/a><\/span><\/p>\n<p style=\"text-align: left;\"><strong>Committee members:\u00a0<\/strong><\/p>\n<p style=\"text-align: left;\">Kaisa Kurki (UniPID)<\/p>\n<p style=\"text-align: left;\">Ilona Steiler (Tampere University)<\/p>\n","protected":false},"excerpt":{"rendered":"<p>Co-Chairs: Bonn Juego (University of Jyv\u00e4skyl\u00e4) Tiina Sepp\u00e4l\u00e4 (University of Helsinki) Martta Kaskinen (University of Helsinki) Conference secretariat: Secretary: Jos\u00e9 Luis Riega Cayetano (Tampere University) Write to: info.developmentdays@gmail.com Committee members:\u00a0 Kaisa Kurki (UniPID) Ilona Steiler (Tampere University)<\/p>\n","protected":false},"author":11,"featured_media":0,"parent":0,"menu_order":7,"comment_status":"closed","ping_status":"closed","template":"","meta":[],"_links":{"self":[{"href":"https:\/\/www.kehitystutkimus.fi\/conference\/wp-json\/wp\/v2\/pages\/3520"}],"collection":[{"href":"https:\/\/www.kehitystutkimus.fi\/conference\/wp-json\/wp\/v2\/pages"}],"about":[{"href":"https:\/\/www.kehitystutkimus.fi\/conference\/wp-json\/wp\/v2\/types\/page"}],"author":[{"embeddable":true,"href":"https:\/\/www.kehitystutkimus.fi\/conference\/wp-json\/wp\/v2\/users\/11"}],"replies":[{"embeddable":true,"href":"https:\/\/www.kehitystutkimus.fi\/conference\/wp-json\/wp\/v2\/comments?post=3520"}],"version-history":[{"count":27,"href":"https:\/\/www.kehitystutkimus.fi\/conference\/wp-json\/wp\/v2\/pages\/3520\/revisions"}],"predecessor-version":[{"id":4791,"href":"https:\/\/www.kehitystutkimus.fi\/conference\/wp-json\/wp\/v2\/pages\/3520\/revisions\/4791"}],"wp:attachment":[{"href":"https:\/\/www.kehitystutkimus.fi\/conference\/wp-json\/wp\/v2\/media?parent=3520"}],"curies":[{"name":"wp","href":"https:\/\/api.w.org\/{rel}","templated":true}]}}