{"id":202,"date":"2009-11-17T11:35:04","date_gmt":"2009-11-17T09:35:04","guid":{"rendered":"http:\/\/www.kehitystutkimus.fi\/?page_id=202"},"modified":"2023-03-22T23:33:00","modified_gmt":"2023-03-22T21:33:00","slug":"osallistu","status":"publish","type":"page","link":"https:\/\/www.kehitystutkimus.fi\/?page_id=202","title":{"rendered":"Kehitystutkimus \/ Development Research"},"content":{"rendered":"<p>Kehitystutkimus (my\u00f6s kehitysmaatutkimus) on monitieteinen tutkimusala, jossa tarkastelun keski\u00f6ss\u00e4 ovat erilaiset kehityskysymykset sek\u00e4 kehitykseen liittyv\u00e4t haasteet. Monitieteist\u00e4 kehitystutkimusta tehd\u00e4\u00e4n usean eri tieteenalan\u00a0 teorioista, tutkimusmenetelmist\u00e4 sek\u00e4 kysymyksenasettelusta k\u00e4sin. Suomessa kehitysmaatutkimusta voi opiskella <a href=\"https:\/\/www.helsinki.fi\/fi\/valtiotieteellinen-tiedekunta\/tutkimus\/tieteenalat\/kehitysmaatutkimus\">Helsingin yliopistossa<\/a> aina tohtorin tutkintoon saakka. Jyv\u00e4skyl\u00e4n yliopistossa puolestaan on englanninkielinen kansainv\u00e4lisen <a href=\"https:\/\/www.jyu.fi\/en\/apply\/masters-programmes\/masters-degree-programmes\/devi\">kehitysty\u00f6n maisteriohjelma.<\/a> Kehitystutkimuksen perus- ja aineopintoja voi suorittaa my\u00f6s <a href=\"http:\/\/www.avoinyliopisto.fi\/fi-FI\/Sanahaku\/?StudyUnitId=422ee743-22b5-4bc7-94c1-afaa26e5ad10&amp;QueryString=Kehitysmaatutkimus\" target=\"_blank\" rel=\"noopener\">Avoimessa yliopistossa<\/a> sek\u00e4 UniPIDin tarjoamilla <a href=\"http:\/\/www.unipid.fi\/en\/page\/48\/virtual_studies\/\" target=\"_blank\" rel=\"noopener\">verkkokursseilla<\/a>, mink\u00e4 lis\u00e4ksi useat eri oppiaineet ja yliopistot sek\u00e4 ammattikorkeakoulut tarjoavat yksitt\u00e4isi\u00e4 kehitystutkimusta ja kest\u00e4v\u00e4\u00e4 kehityst\u00e4 k\u00e4sittelevi\u00e4 kursseja.<\/p>\n<p><strong>Esimerkkej\u00e4 kehitys(maa)tutkimuksen tarkastelun kohteista<\/strong><\/p>\n<p>(1) visiot kest\u00e4v\u00e4st\u00e4 yhteiskunnallisesta tilasta: kehitys(maa)tutkimus on luonteeltaan normatiivista ja pyrkii visioimaan parempaa asiaintilaa, tuomalla tutkimuksen keinoin esille\u00a0 kehityst\u00e4 haittaavia yhteiskunnallisia ep\u00e4kohtia<\/p>\n<p>(2) keskeiset historialliset ja t\u00e4m\u00e4n hetken yhteiskunnalliset muutokset: kehitys(maa) tutkimus tarkastelee erityisesti maailman jakautumista eriarvoisiin alueisiin, kuten globaaliin Etel\u00e4\u00e4n ja Pohjoiseen<\/p>\n<p>(3) kehityspolitiikka: kehitys(maa)tutkimus tuottaa suosituksia erityisesti kehitysapuj\u00e4rjestelm\u00e4n toimijoille hy\u00f6dynt\u00e4en my\u00f6s\u00a0 ymp\u00e4rist\u00f6tieteellisi\u00e4, maantieteellisi\u00e4, maa- ja mets\u00e4tieteellisi\u00e4 ja muita ei-yhteiskuntatieteellisi\u00e4 tutkimusaloja .<\/p>\n<p>Kehitys(maa)tutkimus onkin k\u00e4yt\u00e4nn\u00f6nl\u00e4heisempi oppiaine kuin monet sen l\u00e4hitieteet. Olennainen osa kehityksen tarkastelua on my\u00f6s kehityksen k\u00e4sitteen kritiikki, vaihtoehtojen etsiminen olemassa oleville, usein talouskasvua ja modernisaatiota korostaville kehitysmalleille. Kehitysmaatutkimuksen oppiaineesta ja kansainv\u00e4lisen kehitystutkimuksen maisteriohjelmasta valmistuneet opiskelijat ty\u00f6llistyv\u00e4t mm. kehitysyhteisty\u00f6t\u00e4 tekeviin j\u00e4rjest\u00f6ihin ymp\u00e4ri maailmaa sek\u00e4 kehitysyhteisty\u00f6n asiantuntijoiksi julkisiin ja yksityisiin organisaatiohin. Tutkijanuralle l\u00e4htevien kehitystutkijoiden tukena on UniPIDin koordinoima <a href=\"http:\/\/www.unipid.fi\/en\/page\/407\/unipid_docnet_the_finnish_development_research_doctoral_network\/\" target=\"_blank\" rel=\"noopener\">DocNet<\/a>.<\/p>\n<p><strong>L\u00e4hteit\u00e4<\/strong><\/p>\n<p>Bernstein, H. (2006) &#8220;Studying development\/development studies&#8221;,\u00a0 <em>African Studies<\/em>, 65(1): 45-62.<br \/>\nJerman, H. (2001) Kehitysmaatiedon kolme vuosikymment\u00e4. Helsinki: Kehitysmaatutkimuksen laitos.<br \/>\nKoponen, J. , Lanki, J., Sato, M.\u00a0 &amp; Kervinen, A.\u00a0 (toim.) (2016) <em>Kehityksen tutkimus<\/em>. Helsinki: Gaudeamus.<br \/>\nThomas, A. (2000) &#8220;Development as practice in a liberal capitalist world&#8221;, <em>Journal of International Development<\/em> 12(6): 773-787.<\/p>\n","protected":false},"excerpt":{"rendered":"<p>Kehitystutkimus (my\u00f6s kehitysmaatutkimus) on monitieteinen tutkimusala, jossa tarkastelun keski\u00f6ss\u00e4 ovat erilaiset kehityskysymykset sek\u00e4 kehitykseen liittyv\u00e4t haasteet. Monitieteist\u00e4 kehitystutkimusta tehd\u00e4\u00e4n usean eri tieteenalan\u00a0 teorioista, tutkimusmenetelmist\u00e4 sek\u00e4 kysymyksenasettelusta k\u00e4sin. Suomessa kehitysmaatutkimusta voi opiskella Helsingin yliopistossa aina tohtorin tutkintoon saakka. Jyv\u00e4skyl\u00e4n yliopistossa puolestaan on englanninkielinen kansainv\u00e4lisen kehitysty\u00f6n maisteriohjelma. Kehitystutkimuksen perus- ja aineopintoja voi suorittaa my\u00f6s Avoimessa yliopistossa sek\u00e4 &hellip;<\/p>\n<p class=\"read-more\"> <a class=\"\" href=\"https:\/\/www.kehitystutkimus.fi\/?page_id=202\"> <span class=\"screen-reader-text\">Kehitystutkimus \/ Development Research<\/span> Read More &raquo;<\/a><\/p>\n","protected":false},"author":1,"featured_media":0,"parent":0,"menu_order":30,"comment_status":"closed","ping_status":"closed","template":"","meta":{"footnotes":""},"class_list":["post-202","page","type-page","status-publish","hentry"],"_links":{"self":[{"href":"https:\/\/www.kehitystutkimus.fi\/index.php?rest_route=\/wp\/v2\/pages\/202","targetHints":{"allow":["GET"]}}],"collection":[{"href":"https:\/\/www.kehitystutkimus.fi\/index.php?rest_route=\/wp\/v2\/pages"}],"about":[{"href":"https:\/\/www.kehitystutkimus.fi\/index.php?rest_route=\/wp\/v2\/types\/page"}],"author":[{"embeddable":true,"href":"https:\/\/www.kehitystutkimus.fi\/index.php?rest_route=\/wp\/v2\/users\/1"}],"replies":[{"embeddable":true,"href":"https:\/\/www.kehitystutkimus.fi\/index.php?rest_route=%2Fwp%2Fv2%2Fcomments&post=202"}],"version-history":[{"count":13,"href":"https:\/\/www.kehitystutkimus.fi\/index.php?rest_route=\/wp\/v2\/pages\/202\/revisions"}],"predecessor-version":[{"id":1791,"href":"https:\/\/www.kehitystutkimus.fi\/index.php?rest_route=\/wp\/v2\/pages\/202\/revisions\/1791"}],"wp:attachment":[{"href":"https:\/\/www.kehitystutkimus.fi\/index.php?rest_route=%2Fwp%2Fv2%2Fmedia&parent=202"}],"curies":[{"name":"wp","href":"https:\/\/api.w.org\/{rel}","templated":true}]}}