{"id":27,"date":"2009-08-11T14:30:55","date_gmt":"2009-08-11T11:30:55","guid":{"rendered":"http:\/\/www.kehitystutkimus.fi\/?page_id=27"},"modified":"2023-03-22T23:32:19","modified_gmt":"2023-03-22T21:32:19","slug":"toiminta","status":"publish","type":"page","link":"https:\/\/www.kehitystutkimus.fi\/?page_id=27","title":{"rendered":"Toiminta \/ Activities"},"content":{"rendered":"<p>Kehitystutkimuksen seura j\u00e4rjest\u00e4\u00e4 korkeatasoisia seminaareja ja konferensseja ajankohtaisista kehityskysymyksist\u00e4. Se edist\u00e4\u00e4 my\u00f6s tutkijoiden julkaisutoimintaa ja v\u00e4litt\u00e4\u00e4 tietoa alan tapahtumista ja seminaareista. Seura on ollut aktiivisesti mukana rakentamassa yhteispohjoismaista kehitystutkimusverkostoa.<\/p>\n<p>&nbsp;<\/p>\n<p><!--:fi--><\/p>\n<p><!--:--><\/p>\n","protected":false},"excerpt":{"rendered":"<p>Kehitystutkimuksen seura j\u00e4rjest\u00e4\u00e4 korkeatasoisia seminaareja ja konferensseja ajankohtaisista kehityskysymyksist\u00e4. Se edist\u00e4\u00e4 my\u00f6s tutkijoiden julkaisutoimintaa ja v\u00e4litt\u00e4\u00e4 tietoa alan tapahtumista ja seminaareista. Seura on ollut aktiivisesti mukana rakentamassa yhteispohjoismaista kehitystutkimusverkostoa. &nbsp;<\/p>\n","protected":false},"author":1,"featured_media":0,"parent":0,"menu_order":20,"comment_status":"closed","ping_status":"closed","template":"","meta":{"footnotes":""},"class_list":["post-27","page","type-page","status-publish","hentry"],"_links":{"self":[{"href":"https:\/\/www.kehitystutkimus.fi\/index.php?rest_route=\/wp\/v2\/pages\/27","targetHints":{"allow":["GET"]}}],"collection":[{"href":"https:\/\/www.kehitystutkimus.fi\/index.php?rest_route=\/wp\/v2\/pages"}],"about":[{"href":"https:\/\/www.kehitystutkimus.fi\/index.php?rest_route=\/wp\/v2\/types\/page"}],"author":[{"embeddable":true,"href":"https:\/\/www.kehitystutkimus.fi\/index.php?rest_route=\/wp\/v2\/users\/1"}],"replies":[{"embeddable":true,"href":"https:\/\/www.kehitystutkimus.fi\/index.php?rest_route=%2Fwp%2Fv2%2Fcomments&post=27"}],"version-history":[{"count":19,"href":"https:\/\/www.kehitystutkimus.fi\/index.php?rest_route=\/wp\/v2\/pages\/27\/revisions"}],"predecessor-version":[{"id":1790,"href":"https:\/\/www.kehitystutkimus.fi\/index.php?rest_route=\/wp\/v2\/pages\/27\/revisions\/1790"}],"wp:attachment":[{"href":"https:\/\/www.kehitystutkimus.fi\/index.php?rest_route=%2Fwp%2Fv2%2Fmedia&parent=27"}],"curies":[{"name":"wp","href":"https:\/\/api.w.org\/{rel}","templated":true}]}}