{"id":31,"date":"2009-08-11T14:36:24","date_gmt":"2009-08-11T11:36:24","guid":{"rendered":"http:\/\/www.kehitystutkimus.fi\/?page_id=31"},"modified":"2024-04-15T14:20:35","modified_gmt":"2024-04-15T11:20:35","slug":"jaseneksi","status":"publish","type":"page","link":"https:\/\/www.kehitystutkimus.fi\/?page_id=31","title":{"rendered":"J\u00e4seneksi \/ Become a Member"},"content":{"rendered":"<p><!--:fi-->Kehitystutkimuksen seuran j\u00e4senet ovat kehitystutkimuksen tieteellisest\u00e4 toiminnasta kiinnostuneita henkil\u00f6it\u00e4 ja yhteis\u00f6j\u00e4.<\/p>\n<ul>\n<li>Vuosittainen j\u00e4senmaksu on perusj\u00e4senille <strong>30 euroa<\/strong>.<\/li>\n<li>Alennettu j\u00e4senmaksu <strong>15 euroa<\/strong> koskee kandi- ja maisterivaiheen opiskelijoita, ilman rahoitusta ty\u00f6skentelevi\u00e4 tutkijoita sek\u00e4 niit\u00e4, joille t\u00e4ysim\u00e4\u00e4r\u00e4isen j\u00e4senmaksun suorittaminen on vaikeaa.<\/li>\n<li>J\u00e4senmaksu yhteis\u00f6j\u00e4senille <strong>50\u00a0euroa<\/strong>.<\/li>\n<\/ul>\n<p>J\u00e4senyyden my\u00f6t\u00e4 p\u00e4\u00e4set mukaan Kehitystutkimuksen seuran j\u00e4rjest\u00e4miin tapahtumiin ja voit osallistua vuosittaiseen konferenssiimme alennettuun hintaan. Lis\u00e4ksi j\u00e4senille tiedotetaan seuran toiminnasta j\u00e4senkirjeell\u00e4 s\u00e4hk\u00f6postin kautta.<\/p>\n<p>Kehitystutkimuksen seuran j\u00e4seneksi ovat tervetulleita kaikki kehityksen akateemisesta tutkimuksesta kiinnostuneet henkil\u00f6t ja yhteis\u00f6t.<\/p>\n<p>Voit hakea seuran j\u00e4senyytt\u00e4 tai uusia j\u00e4senyytesi seuraavien ohjeiden mukaisesti:<\/p>\n<p><strong>Vanhat j\u00e4senet<\/strong><\/p>\n<p><strong>1<\/strong> Maksa j\u00e4senmaksu tilille FI85 8000 1700 4897 44 (Saaja: Kehitystutkimuksen seura \/ Danske Bank. Viestikentt\u00e4\u00e4n: J\u00e4senmaksu \u2013 Etunimi Sukunimi). Mik\u00e4li maksuasiassa ilmenee ongelmia, ole yhteydess\u00e4 seuran rahastonhoitajaan.<\/p>\n<p><strong>Uudet j\u00e4senet<\/strong><\/p>\n<p><strong>1<\/strong> <strong>Uusien j\u00e4senten<\/strong> tulee ensin t\u00e4ytt\u00e4\u00e4 alla oleva henkil\u00f6tietolomake (Ks. <a href=\"http:\/\/www.kehitystutkimus.fi\/?page_id=1645\">tietosuojaseloste<\/a>).<\/p>\n<p>Seuran hallitus k\u00e4sittelee j\u00e4senhakemuksesi seuraavassa kokouksessaan ja j\u00e4senyys on voimassa, kun saat seuralta siit\u00e4 tiedon. Mik\u00e4li et ole kuullut takaisin kolmen kuukauden sis\u00e4ll\u00e4 lomakkeen t\u00e4ytt\u00e4misest\u00e4, olethan yhteydess\u00e4 seuran sihteeriin (<a href=\"mailto:info@kehitystutkimus.fi\">info@kehitystutkimus.fi<\/a>) \u2013 kiitos!<\/p>\n<p><strong>2<\/strong> Kun j\u00e4senhakemuksesi on hyv\u00e4ksytty, maksa j\u00e4senmaksu tilille FI85 8000 1700 4897 44 (Saaja: Kehitystutkimuksen seura \/ Danske Bank. Viestikentt\u00e4\u00e4n: J\u00e4senmaksu \u2013 Etunimi Sukunimi).<\/p>\n<p>Mik\u00e4li maksuasiassa ilmenee ongelmia, ole yhteydess\u00e4 seuran rahastonhoitajaan (<a href=\"mailto:info@kehitystutkimus.fi\">info@kehitystutkimus.fi<\/a>).<\/p>\n\n<div class=\"wpcf7 no-js\" id=\"wpcf7-f442-o1\" lang=\"en-US\" dir=\"ltr\" data-wpcf7-id=\"442\">\n<div class=\"screen-reader-response\"><p role=\"status\" aria-live=\"polite\" aria-atomic=\"true\"><\/p> <ul><\/ul><\/div>\n<form action=\"\/index.php?rest_route=%2Fwp%2Fv2%2Fpages%2F31#wpcf7-f442-o1\" method=\"post\" class=\"wpcf7-form init\" aria-label=\"Contact form\" novalidate=\"novalidate\" data-status=\"init\">\n<fieldset class=\"hidden-fields-container\"><input type=\"hidden\" name=\"_wpcf7\" value=\"442\" \/><input type=\"hidden\" name=\"_wpcf7_version\" value=\"6.1.5\" \/><input type=\"hidden\" name=\"_wpcf7_locale\" value=\"en_US\" \/><input type=\"hidden\" name=\"_wpcf7_unit_tag\" value=\"wpcf7-f442-o1\" \/><input type=\"hidden\" name=\"_wpcf7_container_post\" value=\"0\" \/><input type=\"hidden\" name=\"_wpcf7_posted_data_hash\" value=\"\" \/>\n<\/fieldset>\n<p>Nimi (pakollinen)<br \/>\nName (obligatory)\n<\/p>\n<p><span class=\"wpcf7-form-control-wrap\" data-name=\"your-name\"><input size=\"40\" maxlength=\"400\" class=\"wpcf7-form-control wpcf7-text wpcf7-validates-as-required\" aria-required=\"true\" aria-invalid=\"false\" value=\"\" type=\"text\" name=\"your-name\" \/><\/span>\n<\/p>\n<p>S\u00e4hk\u00f6posti (pakollinen)<br \/>\nEmail address (obligatory)\n<\/p>\n<p><span class=\"wpcf7-form-control-wrap\" data-name=\"your-email\"><input size=\"40\" maxlength=\"400\" class=\"wpcf7-form-control wpcf7-email wpcf7-validates-as-required wpcf7-text wpcf7-validates-as-email\" aria-required=\"true\" aria-invalid=\"false\" value=\"\" type=\"email\" name=\"your-email\" \/><\/span>\n<\/p>\n<p>J\u00e4sen (30e), opiskelijaj\u00e4sen (15e)<br \/>\nMember (30e), student member (15e)\n<\/p>\n<p><span class=\"wpcf7-form-control-wrap\" data-name=\"your-subject\"><input size=\"40\" maxlength=\"400\" class=\"wpcf7-form-control wpcf7-text\" aria-invalid=\"false\" value=\"\" type=\"text\" name=\"your-subject\" \/><\/span>\n<\/p>\n<p>Postiosoite<br \/>\nPostal address\n<\/p>\n<p><span class=\"wpcf7-form-control-wrap\" data-name=\"your-message\"><textarea cols=\"40\" rows=\"10\" maxlength=\"2000\" class=\"wpcf7-form-control wpcf7-textarea\" aria-invalid=\"false\" name=\"your-message\"><\/textarea><\/span>\n<\/p>\n<p>Kerro lyhyesti yhteydest\u00e4si\/suhteestasi kehitystutkimukseen Suomessa<br \/>\nPlease shortly describe your connection with development research in Finland.\n<\/p>\n<p><span class=\"wpcf7-form-control-wrap\" data-name=\"your-message\"><textarea cols=\"40\" rows=\"10\" maxlength=\"2000\" class=\"wpcf7-form-control wpcf7-textarea\" aria-invalid=\"false\" name=\"your-message\"><\/textarea><\/span>\n<\/p>\n<p><input class=\"wpcf7-form-control wpcf7-submit has-spinner\" type=\"submit\" value=\"L\u00e4het\u00e4 - Send\" \/>\n<\/p><p style=\"display: none !important;\" class=\"akismet-fields-container\" data-prefix=\"_wpcf7_ak_\"><label>&#916;<textarea name=\"_wpcf7_ak_hp_textarea\" cols=\"45\" rows=\"8\" maxlength=\"100\"><\/textarea><\/label><input type=\"hidden\" id=\"ak_js_1\" name=\"_wpcf7_ak_js\" value=\"99\"\/><script>document.getElementById( \"ak_js_1\" ).setAttribute( \"value\", ( new Date() ).getTime() );<\/script><\/p><div class=\"wpcf7-response-output\" aria-hidden=\"true\"><\/div>\n<\/form>\n<\/div>\n\n<p>&nbsp;<\/p>\n<p>&#8212;<\/p>\n<p><strong>Become a member<\/strong><\/p>\n<p>Members of the Finnish Society for Development Research (FSDR) are individuals and organizations interested in academic and scientific development research.<\/p>\n<ul>\n<li>The annual membership fee for ordinary members is <strong>30\u00a0Euros<\/strong>.<\/li>\n<li>A reduced membership fee of <strong>15 Euros<\/strong> is available for BA and MA students, non-funded researchers, and others for whom paying the full membership fee presents a difficulty.<\/li>\n<li>The membership fee for organizations is <strong>50\u00a0Euros<\/strong>.<\/li>\n<\/ul>\n<p>By becoming a member, you can participate in FSDR&#8217;s events and get a reduced fee for the annual Development Days conference. Additionally, all members belong to the mailing list and receive an email newsletter of the Society&#8217;s activities.<\/p>\n<p>You can apply for new membership, or renew your membership, in the following way:<\/p>\n<p><strong>Old members<\/strong><\/p>\n<p><strong>1<\/strong>\u00a0Pay the membership fee to our account:<\/p>\n<p>IBAN: FI85 8000 1700 4897 44<br \/>\nSWIFT\/BIC: DABAFIHH<br \/>\nBank and address: Danske Bank, Business Direct, PL 1264, Televisiokatu 1, 00075 Danske Bank, Finland.<br \/>\nAccount holder: Kehitystutkimuksen seura<br \/>\nAddress: PL 18; 000014 University of Helsinki, Finland<br \/>\nMessage: Membership \u2013 Forename Surname<\/p>\n<p>Please notify us also, if your email address changes.<\/p>\n<p>&nbsp;<\/p>\n<p><strong>New members<\/strong><\/p>\n<p><strong>1<\/strong>\u00a0First, for\u00a0<strong>new members<\/strong>, please fill out the form provided below (see our <a href=\"http:\/\/www.kehitystutkimus.fi\/?page_id=1645\">privacy policy<\/a>).<\/p>\n<p>The FSDR Board will review your application in the next Board meeting. Note that membership is only considered complete when you receive an acceptance and confirmation from the FSDR Board.<\/p>\n<p>If you have not received any communication from the Society within three months of submitting your application, kindly contact the FSDR Secretary (<a href=\"mailto:info@kehitystutkimus.fi\">info@kehitystutkimus.fi<\/a>).<\/p>\n<p><strong>2<\/strong>\u00a0After your membership has been accepted, please pay the membership fee to our account:<\/p>\n<p>IBAN: FI85 8000 1700 4897 44<br \/>\nSWIFT\/BIC: DABAFIHH<br \/>\nBank and address: Danske Bank, Business Direct, PL 1264, Televisiokatu 1, 00075 Danske Bank, Finland.<br \/>\nAccount holder: Kehitystutkimuksen seura<br \/>\nAddress: PL 18; 000014 University of Helsinki, Finland<br \/>\nMessage: Membership \u2013 Forename Surname<\/p>\n<p>If you encounter any difficulties, please do not hesitate to contact the FSDR Board Treasurer (<a href=\"mailto:info@kehitystutkimus.fi\">info@kehitystutkimus.fi<\/a>).<\/p>\n<p>\n<div class=\"wpcf7 no-js\" id=\"wpcf7-f442-o2\" lang=\"en-US\" dir=\"ltr\" data-wpcf7-id=\"442\">\n<div class=\"screen-reader-response\"><p role=\"status\" aria-live=\"polite\" aria-atomic=\"true\"><\/p> <ul><\/ul><\/div>\n<form action=\"\/index.php?rest_route=%2Fwp%2Fv2%2Fpages%2F31#wpcf7-f442-o2\" method=\"post\" class=\"wpcf7-form init\" aria-label=\"Contact form\" novalidate=\"novalidate\" data-status=\"init\">\n<fieldset class=\"hidden-fields-container\"><input type=\"hidden\" name=\"_wpcf7\" value=\"442\" \/><input type=\"hidden\" name=\"_wpcf7_version\" value=\"6.1.5\" \/><input type=\"hidden\" name=\"_wpcf7_locale\" value=\"en_US\" \/><input type=\"hidden\" name=\"_wpcf7_unit_tag\" value=\"wpcf7-f442-o2\" \/><input type=\"hidden\" name=\"_wpcf7_container_post\" value=\"0\" \/><input type=\"hidden\" name=\"_wpcf7_posted_data_hash\" value=\"\" \/>\n<\/fieldset>\n<p>Nimi (pakollinen)<br \/>\nName (obligatory)\n<\/p>\n<p><span class=\"wpcf7-form-control-wrap\" data-name=\"your-name\"><input size=\"40\" maxlength=\"400\" class=\"wpcf7-form-control wpcf7-text wpcf7-validates-as-required\" aria-required=\"true\" aria-invalid=\"false\" value=\"\" type=\"text\" name=\"your-name\" \/><\/span>\n<\/p>\n<p>S\u00e4hk\u00f6posti (pakollinen)<br \/>\nEmail address (obligatory)\n<\/p>\n<p><span class=\"wpcf7-form-control-wrap\" data-name=\"your-email\"><input size=\"40\" maxlength=\"400\" class=\"wpcf7-form-control wpcf7-email wpcf7-validates-as-required wpcf7-text wpcf7-validates-as-email\" aria-required=\"true\" aria-invalid=\"false\" value=\"\" type=\"email\" name=\"your-email\" \/><\/span>\n<\/p>\n<p>J\u00e4sen (30e), opiskelijaj\u00e4sen (15e)<br \/>\nMember (30e), student member (15e)\n<\/p>\n<p><span class=\"wpcf7-form-control-wrap\" data-name=\"your-subject\"><input size=\"40\" maxlength=\"400\" class=\"wpcf7-form-control wpcf7-text\" aria-invalid=\"false\" value=\"\" type=\"text\" name=\"your-subject\" \/><\/span>\n<\/p>\n<p>Postiosoite<br \/>\nPostal address\n<\/p>\n<p><span class=\"wpcf7-form-control-wrap\" data-name=\"your-message\"><textarea cols=\"40\" rows=\"10\" maxlength=\"2000\" class=\"wpcf7-form-control wpcf7-textarea\" aria-invalid=\"false\" name=\"your-message\"><\/textarea><\/span>\n<\/p>\n<p>Kerro lyhyesti yhteydest\u00e4si\/suhteestasi kehitystutkimukseen Suomessa<br \/>\nPlease shortly describe your connection with development research in Finland.\n<\/p>\n<p><span class=\"wpcf7-form-control-wrap\" data-name=\"your-message\"><textarea cols=\"40\" rows=\"10\" maxlength=\"2000\" class=\"wpcf7-form-control wpcf7-textarea\" aria-invalid=\"false\" name=\"your-message\"><\/textarea><\/span>\n<\/p>\n<p><input class=\"wpcf7-form-control wpcf7-submit has-spinner\" type=\"submit\" value=\"L\u00e4het\u00e4 - Send\" \/>\n<\/p><p style=\"display: none !important;\" class=\"akismet-fields-container\" data-prefix=\"_wpcf7_ak_\"><label>&#916;<textarea name=\"_wpcf7_ak_hp_textarea\" cols=\"45\" rows=\"8\" maxlength=\"100\"><\/textarea><\/label><input type=\"hidden\" id=\"ak_js_2\" name=\"_wpcf7_ak_js\" value=\"32\"\/><script>document.getElementById( \"ak_js_2\" ).setAttribute( \"value\", ( new Date() ).getTime() );<\/script><\/p><div class=\"wpcf7-response-output\" aria-hidden=\"true\"><\/div>\n<\/form>\n<\/div>\n<!--:--><\/p>\n","protected":false},"excerpt":{"rendered":"<p>Kehitystutkimuksen seuran j\u00e4senet ovat kehitystutkimuksen tieteellisest\u00e4 toiminnasta kiinnostuneita henkil\u00f6it\u00e4 ja yhteis\u00f6j\u00e4. Vuosittainen j\u00e4senmaksu on perusj\u00e4senille 30 euroa. Alennettu j\u00e4senmaksu 15 euroa koskee kandi- ja maisterivaiheen opiskelijoita, ilman rahoitusta ty\u00f6skentelevi\u00e4 tutkijoita sek\u00e4 niit\u00e4, joille t\u00e4ysim\u00e4\u00e4r\u00e4isen j\u00e4senmaksun suorittaminen on vaikeaa. J\u00e4senmaksu yhteis\u00f6j\u00e4senille 50\u00a0euroa. J\u00e4senyyden my\u00f6t\u00e4 p\u00e4\u00e4set mukaan Kehitystutkimuksen seuran j\u00e4rjest\u00e4miin tapahtumiin ja voit osallistua vuosittaiseen konferenssiimme alennettuun &hellip;<\/p>\n<p class=\"read-more\"> <a class=\"\" href=\"https:\/\/www.kehitystutkimus.fi\/?page_id=31\"> <span class=\"screen-reader-text\">J\u00e4seneksi \/ Become a Member<\/span> Read More &raquo;<\/a><\/p>\n","protected":false},"author":1,"featured_media":0,"parent":2,"menu_order":30,"comment_status":"closed","ping_status":"closed","template":"","meta":{"footnotes":""},"class_list":["post-31","page","type-page","status-publish","hentry"],"_links":{"self":[{"href":"https:\/\/www.kehitystutkimus.fi\/index.php?rest_route=\/wp\/v2\/pages\/31","targetHints":{"allow":["GET"]}}],"collection":[{"href":"https:\/\/www.kehitystutkimus.fi\/index.php?rest_route=\/wp\/v2\/pages"}],"about":[{"href":"https:\/\/www.kehitystutkimus.fi\/index.php?rest_route=\/wp\/v2\/types\/page"}],"author":[{"embeddable":true,"href":"https:\/\/www.kehitystutkimus.fi\/index.php?rest_route=\/wp\/v2\/users\/1"}],"replies":[{"embeddable":true,"href":"https:\/\/www.kehitystutkimus.fi\/index.php?rest_route=%2Fwp%2Fv2%2Fcomments&post=31"}],"version-history":[{"count":41,"href":"https:\/\/www.kehitystutkimus.fi\/index.php?rest_route=\/wp\/v2\/pages\/31\/revisions"}],"predecessor-version":[{"id":1988,"href":"https:\/\/www.kehitystutkimus.fi\/index.php?rest_route=\/wp\/v2\/pages\/31\/revisions\/1988"}],"up":[{"embeddable":true,"href":"https:\/\/www.kehitystutkimus.fi\/index.php?rest_route=\/wp\/v2\/pages\/2"}],"wp:attachment":[{"href":"https:\/\/www.kehitystutkimus.fi\/index.php?rest_route=%2Fwp%2Fv2%2Fmedia&parent=31"}],"curies":[{"name":"wp","href":"https:\/\/api.w.org\/{rel}","templated":true}]}}