{"id":34,"date":"2009-08-11T14:38:27","date_gmt":"2009-08-11T11:38:27","guid":{"rendered":"http:\/\/www.kehitystutkimus.fi\/?page_id=34"},"modified":"2023-03-22T23:38:51","modified_gmt":"2023-03-22T21:38:51","slug":"tutkijalle","status":"publish","type":"page","link":"https:\/\/www.kehitystutkimus.fi\/?page_id=34","title":{"rendered":"Tutkijalle \/ For Researchers"},"content":{"rendered":"<p><!--:fi--><\/p>\n<h4><strong>Tutkimuksen rahoitus Suomessa<\/strong><\/h4>\n<p>Kehitystutkimusta rahoittaa Suomessa Suomen Akatemia ja Ulkoasianministeri\u00f6n kehitysyhteisty\u00f6osasto. Suomen Akatemia on laatinut vuonna 2005 kehitystutkimuksen strategian (<a href=\"https:\/\/www.aka.fi\/globalassets\/awanhat\/documents\/tiedostot\/julkaisut\/1_06-kehitystutkimusstrategia.pdf\" target=\"_blank\" rel=\"noopener\">pdf<\/a>). Tietoa Suomen Akatemian rahoittamasta kehitystutkimuksesta Akatemian <a href=\"https:\/\/www.aka.fi\/kehitystutkimus\" target=\"_blank\" rel=\"noopener\">sivuilla.<\/a> Kehitystutkimuksen rahoitus on tullut Ulkoasianministeri\u00f6n kehitysyhteisty\u00f6varoista, jonka leikkauksien vuoksi Suomen Akatemia ei toteuttanut kehitystutkimuksen hakua syksyll\u00e4 2015 (ks. <a href=\"http:\/\/www.aka.fi\/fi\/akatemia\/media\/Tiedotteet1\/2015\/syyskuun-haku-2015-konsortio-ohje-tarkentui-ja-kehitystutkimuksen-haku-peruuntui\/\">lis\u00e4tietoa<\/a>).<\/p>\n<p>Kehitystutkimuksen seurassa k\u00e4yd\u00e4\u00e4n keskustelua siit\u00e4, miten Suomessa teht\u00e4v\u00e4\u00e4 kehitystutkimusta tulisi tukea.<\/p>\n<p><strong>S\u00e4\u00e4ti\u00f6t<br \/>\n<\/strong><\/p>\n<p>Lis\u00e4ksi tutkijat ja jatko-opiskelijat voivat hakea rahoitusta yksitt\u00e4isilt\u00e4 s\u00e4\u00e4ti\u00f6ilt\u00e4. Viime vuosina rahoitusta on tullut kehitystutkimuksellisille hankkeille mm. seuraavilta s\u00e4\u00e4ti\u00f6ilt\u00e4:<\/p>\n<p><a href=\"http:\/\/kordelin.fi\/apurahat-2\/\" target=\"_blank\" rel=\"noopener\">Alfred Kordelinin s\u00e4\u00e4ti\u00f6<\/a><br \/>\n<a href=\"https:\/\/www.acadsci.fi\/suomalainen-tiedeakatemia\/rahastot-ja-saatiot\/eino-jutikkalan-rahasto.html\" target=\"_blank\" rel=\"noopener\">Eino Jutikkalan rahasto<\/a><br \/>\n<a href=\"https:\/\/emilaaltonen.fi\/\" target=\"_blank\" rel=\"noopener\">Emil Aaltosen s\u00e4\u00e4ti\u00f6<\/a><br \/>\n<a href=\"https:\/\/koneensaatio.fi\/\" target=\"_blank\" rel=\"noopener\">Koneen s\u00e4\u00e4ti\u00f6<\/a><br \/>\n<a href=\"http:\/\/oskaroflund.fi\/fi\" target=\"_blank\" rel=\"noopener\">Oskar \u00d6flundin s\u00e4\u00e4ti\u00f6<\/a><br \/>\n<a href=\"https:\/\/skr.fi\/en\" target=\"_blank\" rel=\"noopener\">Suomen Kulttuurirahasto<\/a><br \/>\n<a href=\"http:\/\/www.ulkopolitiikantutkimus.fi\/14\" target=\"_blank\" rel=\"noopener\">Ulkopolitiikan tutkimuksen s\u00e4\u00e4ti\u00f6<\/a><!--:--><!--:se--><!--:--><\/p>\n","protected":false},"excerpt":{"rendered":"<p>Tutkimuksen rahoitus Suomessa Kehitystutkimusta rahoittaa Suomessa Suomen Akatemia ja Ulkoasianministeri\u00f6n kehitysyhteisty\u00f6osasto. Suomen Akatemia on laatinut vuonna 2005 kehitystutkimuksen strategian (pdf). Tietoa Suomen Akatemian rahoittamasta kehitystutkimuksesta Akatemian sivuilla. Kehitystutkimuksen rahoitus on tullut Ulkoasianministeri\u00f6n kehitysyhteisty\u00f6varoista, jonka leikkauksien vuoksi Suomen Akatemia ei toteuttanut kehitystutkimuksen hakua syksyll\u00e4 2015 (ks. lis\u00e4tietoa). Kehitystutkimuksen seurassa k\u00e4yd\u00e4\u00e4n keskustelua siit\u00e4, miten Suomessa teht\u00e4v\u00e4\u00e4 kehitystutkimusta &hellip;<\/p>\n<p class=\"read-more\"> <a class=\"\" href=\"https:\/\/www.kehitystutkimus.fi\/?page_id=34\"> <span class=\"screen-reader-text\">Tutkijalle \/ For Researchers<\/span> Read More &raquo;<\/a><\/p>\n","protected":false},"author":1,"featured_media":0,"parent":202,"menu_order":50,"comment_status":"closed","ping_status":"closed","template":"","meta":{"footnotes":""},"class_list":["post-34","page","type-page","status-publish","hentry"],"_links":{"self":[{"href":"https:\/\/www.kehitystutkimus.fi\/index.php?rest_route=\/wp\/v2\/pages\/34","targetHints":{"allow":["GET"]}}],"collection":[{"href":"https:\/\/www.kehitystutkimus.fi\/index.php?rest_route=\/wp\/v2\/pages"}],"about":[{"href":"https:\/\/www.kehitystutkimus.fi\/index.php?rest_route=\/wp\/v2\/types\/page"}],"author":[{"embeddable":true,"href":"https:\/\/www.kehitystutkimus.fi\/index.php?rest_route=\/wp\/v2\/users\/1"}],"replies":[{"embeddable":true,"href":"https:\/\/www.kehitystutkimus.fi\/index.php?rest_route=%2Fwp%2Fv2%2Fcomments&post=34"}],"version-history":[{"count":27,"href":"https:\/\/www.kehitystutkimus.fi\/index.php?rest_route=\/wp\/v2\/pages\/34\/revisions"}],"predecessor-version":[{"id":1795,"href":"https:\/\/www.kehitystutkimus.fi\/index.php?rest_route=\/wp\/v2\/pages\/34\/revisions\/1795"}],"up":[{"embeddable":true,"href":"https:\/\/www.kehitystutkimus.fi\/index.php?rest_route=\/wp\/v2\/pages\/202"}],"wp:attachment":[{"href":"https:\/\/www.kehitystutkimus.fi\/index.php?rest_route=%2Fwp%2Fv2%2Fmedia&parent=34"}],"curies":[{"name":"wp","href":"https:\/\/api.w.org\/{rel}","templated":true}]}}