{"id":46,"date":"2009-08-11T15:10:09","date_gmt":"2009-08-11T12:10:09","guid":{"rendered":"http:\/\/www.kehitystutkimus.fi\/?page_id=46"},"modified":"2023-11-13T15:58:20","modified_gmt":"2023-11-13T13:58:20","slug":"linkkeja","status":"publish","type":"page","link":"https:\/\/www.kehitystutkimus.fi\/?page_id=46","title":{"rendered":"Linkkej\u00e4 \/ Links"},"content":{"rendered":"<p><!--:fi--><a href=\"https:\/\/www.unipid.fi\/\" target=\"_blank\" rel=\"noopener\">UniPID<\/a><br \/>\nSuomalaisten yliopistojen v\u00e4linen kehitystutkimusta edist\u00e4v\u00e4 yhteisty\u00f6verkosto UniPID (Finnish University Partnership for International Development). Sivulta l\u00f6ytyy my\u00f6s kattava kehitystutkimukseen liittyv\u00e4 <a href=\"http:\/\/www.unipid.fi\/en\/page\/304\/other_networks_and_organisations\/\" target=\"_blank\" rel=\"noopener\">linkkilista<\/a>.<\/p>\n<p><a href=\"http:\/\/www.eadi.org\/\" target=\"_blank\" rel=\"noopener\">European Association for Development Research and Training Institutes (EADI<\/a>)<br \/>\nEurooppalaisten kehitystutkimusta harjoittavien tahojen yhteisty\u00f6- ja kattoverkosto<\/p>\n<p><a href=\"http:\/\/www.nai.uu.se\" target=\"_blank\" rel=\"noopener\">Nordic Africa Institute<\/a><br \/>\n&#8211; Uppsala, Ruotsi<\/p>\n<p><a href=\"http:\/\/www.nias.ku.dk\" target=\"_blank\" rel=\"noopener\">Nordic Institute of Asian Studies<\/a><br \/>\n&#8211; K\u00f6\u00f6penhamina, Tanska<!--:--><\/p>\n","protected":false},"excerpt":{"rendered":"<p>UniPID Suomalaisten yliopistojen v\u00e4linen kehitystutkimusta edist\u00e4v\u00e4 yhteisty\u00f6verkosto UniPID (Finnish University Partnership for International Development). Sivulta l\u00f6ytyy my\u00f6s kattava kehitystutkimukseen liittyv\u00e4 linkkilista. European Association for Development Research and Training Institutes (EADI) Eurooppalaisten kehitystutkimusta harjoittavien tahojen yhteisty\u00f6- ja kattoverkosto Nordic Africa Institute &#8211; Uppsala, Ruotsi Nordic Institute of Asian Studies &#8211; K\u00f6\u00f6penhamina, Tanska<\/p>\n","protected":false},"author":1,"featured_media":0,"parent":202,"menu_order":140,"comment_status":"closed","ping_status":"closed","template":"","meta":{"footnotes":""},"class_list":["post-46","page","type-page","status-publish","hentry"],"_links":{"self":[{"href":"https:\/\/www.kehitystutkimus.fi\/index.php?rest_route=\/wp\/v2\/pages\/46","targetHints":{"allow":["GET"]}}],"collection":[{"href":"https:\/\/www.kehitystutkimus.fi\/index.php?rest_route=\/wp\/v2\/pages"}],"about":[{"href":"https:\/\/www.kehitystutkimus.fi\/index.php?rest_route=\/wp\/v2\/types\/page"}],"author":[{"embeddable":true,"href":"https:\/\/www.kehitystutkimus.fi\/index.php?rest_route=\/wp\/v2\/users\/1"}],"replies":[{"embeddable":true,"href":"https:\/\/www.kehitystutkimus.fi\/index.php?rest_route=%2Fwp%2Fv2%2Fcomments&post=46"}],"version-history":[{"count":29,"href":"https:\/\/www.kehitystutkimus.fi\/index.php?rest_route=\/wp\/v2\/pages\/46\/revisions"}],"predecessor-version":[{"id":1842,"href":"https:\/\/www.kehitystutkimus.fi\/index.php?rest_route=\/wp\/v2\/pages\/46\/revisions\/1842"}],"up":[{"embeddable":true,"href":"https:\/\/www.kehitystutkimus.fi\/index.php?rest_route=\/wp\/v2\/pages\/202"}],"wp:attachment":[{"href":"https:\/\/www.kehitystutkimus.fi\/index.php?rest_route=%2Fwp%2Fv2%2Fmedia&parent=46"}],"curies":[{"name":"wp","href":"https:\/\/api.w.org\/{rel}","templated":true}]}}