{"id":757,"date":"2016-06-01T08:47:34","date_gmt":"2016-06-01T05:47:34","guid":{"rendered":"http:\/\/www.kehitystutkimus.fi\/?page_id=757"},"modified":"2024-10-22T14:33:44","modified_gmt":"2024-10-22T11:33:44","slug":"politiikkaseminaarit","status":"publish","type":"page","link":"https:\/\/www.kehitystutkimus.fi\/?page_id=757","title":{"rendered":"Politiikkaseminaarit \/ Policy Seminars"},"content":{"rendered":"<p>Kehitystutkimuksen seura j\u00e4rjest\u00e4\u00e4 politiikkaseminaareja s\u00e4\u00e4nn\u00f6llisesti. Tapahtuman tarkoituksena on pureutua ajankohtaisiin kehityskysymyksiin, luoda dialogia eri kehitystoimijoiden v\u00e4lille, avata uusia n\u00e4k\u00f6kulmia kehitystutkimukseen sek\u00e4 tavata j\u00e4seni\u00e4 vapaamuotoisen keskustelun parissa.<\/p>\n<p>FSDR organises policy seminars on regular basis. The aim of the seminars is to discuss topical development related issues, create dialogue between different actors, open new perspectives to development policy and research, and to meet FSDR members.<\/p>\n<p><strong>Policy Dialogue 2024: Finland\u2019s Development Policy for Today: Past Lessons, Future Visions<\/strong><\/p>\n<p>The recent government plans and actions for Finland&#8217;s development policy have alarmed development practitioners and researchers alike. In this Policy Dialogue, we gather speakers from the parliament, government, third sector, and academia, to discuss the recent development policy trajectories and their future implications.<\/p>\n<p>Event structure and resource persons:<\/p>\n<p>INTRODUCTION AND RATIONALE: <strong>Bonn Juego<\/strong> (Chair, Finnish Society for Development Research &amp; Senior Lecturer, University of Jyv\u00e4skyl\u00e4)<\/p>\n<p>PANELISTS:<\/p>\n<ul>\n<li><strong>Kimmo Kiljunen<\/strong> (Chair of the Foreign Affairs Committee, Parliament of Finland)<\/li>\n<li><strong>Juha Savolainen<\/strong> (Director-General, Department for Development Policy, Ministry for Foreign Affairs)<\/li>\n<li><strong>Marikki Karhu<\/strong> (Secretary-General, Development Policy Committee)<\/li>\n<li><strong>Ilmari Nalbantoglu<\/strong> (Director of Advocacy, Fingo)<\/li>\n<\/ul>\n<p>MODERATOR: <strong>Eija Ranta<\/strong> (Academy of Finland Research Fellow, University of Helsinki)<\/p>\n<p>See the recording of the online event <a href=\"https:\/\/www.youtube.com\/watch?v=RXOyDplDlhM\" target=\"_blank\" rel=\"noopener\"><strong>on YouTube<\/strong><\/a>.<\/p>\n<p>&nbsp;<\/p>\n<p><span style=\"text-decoration: underline;\"><strong>2021: The Politics of Conflict and Development: Myanmar, Ethiopia and Palestine in Focus<\/strong><\/span><\/p>\n<p>When: 19th November 2021, 10:00 am to 12:00 pm<br \/>\nWhere: Tampere University, Linna building (lecture hall V\u00e4in\u00f6 Linna), Kalevantie 5.<br \/>\nZoom: Zoom link will be provided to those registered day before the event<\/p>\n<p>This seminar provides an in-depth analysis of the complex power dynamics and longer-term trajectories that underpin conflicts dominating the media headlines. The three speakers are internationally prominent experts who have carried out long-term field research in Myanmar, Ethiopia and Palestine. In addition to shedding light to the situated conflict dynamics, the event aims at identifying resonance: 1) in the shifting (in)visibilities and temporalities from slow to fast and immediate violence, 2) in the ways conflicts are entangled with access to and control over resources, and 3) in the aspirations for self-rule and complicated state formation processes.<\/p>\n<p>After the presentations we expect to have lively discussion with perspectives from scholars, peace-movement activists and other civil society representatives and policy-makers.<\/p>\n<p>Program:<br \/>\n10:00-11:00 Presentations<br \/>\n\u2022 Opening remarks by <strong>Mira K\u00e4k\u00f6nen<\/strong> (FSDR) and <strong>Hanna Tuominen<\/strong> (FPRA)<br \/>\n\u2022 <strong>Kevin Woods<\/strong> (East-West Center, University of Hawai&#8217;i): Transformation of Resource Conflicts and Rebellion in Myanmar from Ceasefires to Military Coup<br \/>\n\u2022 <strong>Gutu Wayessa<\/strong> (University of Helsinki): State building, Development, and Conflict in Ethiopia<br \/>\n\u2022 <strong>Mikko Joronen<\/strong> (Tampere University): Politics of speed in Palestine<br \/>\n11:00-12:00 Q&amp;A, Discussion and Dialogue<br \/>\n\u2022 Chaired by <strong>Marjaana Jauhola<\/strong> (University of Helsinki)<\/p>\n<p>Further information: Mira K\u00e4k\u00f6nen (mira.kakonen@tuni.fi) and Karim Maiche (karim.maiche@tuni.fi)<br \/>\nOrganisers: Finnish Society for Development Research and Finnish Peace Research Association together with the Tampere University<br \/>\n<a href=\"https:\/\/fb.me\/e\/25PX4zL0j\">Facebook event<\/a><\/p>\n<p><span style=\"text-decoration: underline;\"><strong>2020: Financing for Sustainable Development in Africa<\/strong><\/span><br \/>\nAfrica\u2019s prominence as the main development partner of Finland and the European Union is becoming ever more evident. Within the past five months, both the Government of Finland and the new President of the European Commission, Ursula von der Leyen, have announced that they will start drafting respective new Africa strategies. With the importance of Africa and financing for sustainable development on the rise, we want to ask:<br \/>\n&#8211; Is there a shared vision between the EU, Finland and Africa on development financing?<br \/>\n&#8211; Where is the geographic and sectoral added value of Finland\u2019s and EU\u2019s development financing in Africa?<br \/>\n&#8211; How can we ensure that the financing strengthens democratic principles and respects human rights?<br \/>\n&#8211; Where private sector financing can and should be leveraged?<br \/>\n&#8211; What is the role of civil society organizations in this puzzle?<br \/>\n&#8211; How to effectively bridge development research and the new policy initiatives?<br \/>\nThe event invites academics, policy and decision makers and civil society representatives to debate how the future relations between Africa and Finland and the EU should evolve.<\/p>\n<p>PROGRAMME<br \/>\n09:00 Welcoming words<br \/>\n09:05 Africa on the rise in Finnish Foreign Policy<br \/>\n<strong>Johanna Sumuvuori<\/strong>, State Secretary to the Minister for Foreign Affairs<br \/>\n09:20 The EU-Africa Puzzle: Reflections from the Africa Platform<br \/>\n<strong>Paul Okumu<\/strong>, Secretary General, the Africa Platform<br \/>\n09:45 Financing for Sustainable Development and Partnerships in Africa \u2013 Panel discussion<br \/>\n<strong>Saara-Sofia Sir\u00e9n<\/strong>, Member of Parliament and Vice-Chair of the Development Policy Committee<br \/>\n<strong>Gutu Wayessa<\/strong>, University lecturer, Development Studies, University of Helsinki<br \/>\n<strong>Leena Vastapuu<\/strong>, Visiting researcher, Tampere Peace Research Institute<br \/>\n<strong>Jannika Ranta<\/strong>, Senior Adviser, Confederation of Finnish Industries<br \/>\n<strong>Katja Ahlfors<\/strong>, Director, Unit for Development Policy, Ministry for Foreign Affairs of Finland<br \/>\nPaul Okumu Secretary General, the Africa Platform<br \/>\nThe panel discussion is moderated by journalist Reetta R\u00e4ty. The seminar will be held in English.<br \/>\nFurther information: Marikki Stochetti (marikki.stocchetti@formin.fi), Mira K\u00e4k\u00f6nen (mira.kakonen@helsinki.fi)<\/p>\n<p>The video of the event can be watched here: <a href=\"https:\/\/www.helsinki.fi\/fi\/unitube\/video\/21249\">https:\/\/www.helsinki.fi\/fi\/unitube\/video\/21249<\/a><br \/>\n<a href=\"https:\/\/www.facebook.com\/events\/385209179049967\/\">Facebook event <\/a><br \/>\n<a href=\"https:\/\/www.kehitystutkimus.fi\/?p=1571\">Blog<\/a><\/p>\n<p><span style=\"text-decoration: underline;\"><strong>2018: Human meets Machine \u2013 bright or bleak future?<\/strong><\/span><\/p>\n<p>Thursday 18 October 2018, 13:00-16:00 hrs. Tiedekulma, Yliopistonkatu 4, Helsinki. The seminar will be held in English.<\/p>\n<p>Digitalisation advances forcefully, renews industries and services, offering numerous opportunities to everyday life. Automation may profoundly transform global labour markets. Will democracy disappear in a control society made possible by the total reach of Internet? Will singularising artificial intelligence enable sustainable development or is it a seed of catastrophe? How will the so called Fourth Industrial Revolution affect the Global South?<\/p>\n<p>The organizers are Development Studies, University of Helsinki, Finnish Society for Development Research, Pekka Kuusi Ecofoundation, and Demos.<\/p>\n<p>Part 1: Technology, surveillance and democracy<\/p>\n<p>Speakers: Dr. Matti Aksela, F-Secure, Dr. Elina Sinkkonen, Senior Research Fellow, FIIA, Dr. Michael Laakasuo, University of Helsinki, Prof. Barry Gills, University of Helsinki<\/p>\n<p>Part 2: Technology, labour and development<\/p>\n<p>Speakers: Prof. Samuel Jones, WIDER, Doctoral candidate Anna Salmivaara, University of Helsinki, Dr. Nikodemus Solitander, Hanken Svenska Handelsh\u00f6gskolan, Dr. Franklin Obeng-Odoom, University of Helsinki<\/p>\n<p>The event will be chaired by Lyydia Kilpi, Finnish Society for Development Research<br \/>\n<a href=\"https:\/\/www.facebook.com\/events\/tiedekulma\/human-meets-machine-bright-or-bleak-future\/2052854781432603\/\">Facebook<\/a><\/p>\n<p><span style=\"text-decoration: underline;\"><strong>2017: <\/strong><\/span><strong style=\"text-decoration: underline;\">Private-sector driven development: Views from Academia and Activists<\/strong><\/p>\n<p><em>Time<\/em>: Wednesday, the 7th of June, 13.00-16.00<br \/>\n<em>Place<\/em>: House of Science and Letters, Kirkkokatu 6, Hki (Hall 505; 5th floor, lift available)<\/p>\n<p>This seminar, organized by the Finnish Society for Development Research, will explore the drivers and implications of the current \u201cprivate turn\u201d in development policy and aid practice. The global Agenda 2030 for sustainable development is paving the way for an increased role of the private sector in development. In Finland, the government has made substantial budget cuts in development cooperation, while the funds channeled to the Finnish Fund for Industrial Cooperation (Finnfund) were raised to record height. The seminar addresses questions that are widely discussed among development scholars and activists, Including: Is the private sector taking over the development agenda? How should this private turn be understood in relation to trade policies? Can profit driven activities work for the impoverished? Is knowledge production on development being challenged in new ways? How are development researchers and activists reflecting upon their position and working agendas amidst these changes? Is there a need for new kinds of north-south solidarities and links between researchers and civil society actors?<\/p>\n<p><strong>PROGRAMME<\/strong><\/p>\n<p>13.00-14.30:<\/p>\n<p>Business as usual is bad for development: the case of tax responsibility in Finnfund&#8217;s forest fund,<br \/>\n<strong>Sonja Vartiala<\/strong>, Finnwatch<\/p>\n<p>New instrumentalism in development finance, <strong>Matti Yl\u00f6nen<\/strong>, University of Helsinki<\/p>\n<p>The new private turn in Nordic development cooperation: A question of ethics or opportunities?,<br \/>\nDr. <strong>Bonn Juego<\/strong>, University of Jyv\u00e4skyl\u00e4<\/p>\n<p>Commentators:<br \/>\nDr. <strong>Marikki Stocchetti<\/strong>, Development policy committee<br \/>\nDr. <strong>Zerfu Hailu<\/strong>, Finnish Agri-Agency for Food and Forest Development (FFD)<br \/>\nProf. <strong>Barry Gills<\/strong>, University of Helsinki<\/p>\n<p>14.30-16.00:<\/p>\n<p>A roundtable discussion with the speakers and commentators. Seminar participants are encouraged to take part in the debate. Moderated by Dr. Minna Hakkarainen, the chair of FSDR.<\/p>\n<p><strong><u>Registration<\/u><\/strong> by 1.6.2017: <a href=\"https:\/\/elomake.helsinki.fi\/lomakkeet\/80125\/lomake.html\">https:\/\/elomake.helsinki.fi\/lomakkeet\/80125\/lomake.html<\/a><br \/>\nContact person: Mira K\u00e4k\u00f6nen, <a href=\"mailto:mira.kakonen@helsinki.fi\">mira.kakonen@helsinki.fi<\/a><br \/>\nFacebook: <a href=\"https:\/\/www.facebook.com\/events\/1399923093380403\/\">https:\/\/www.facebook.com\/events\/1399923093380403\/<\/a><\/p>\n<p>&nbsp;<\/p>\n<p><strong><em>See a blog post written by a FSDR board member Dr Bonn Juego on the Nordic perspective to the theme of the Summer Days 2017, private-sector driven development,\u00a0<a href=\"http:\/\/www.kehitystutkimus.fi\/?page_id=727\" target=\"_blank\" rel=\"noopener noreferrer\">here<\/a>.<\/em><\/strong><\/p>\n<p>&nbsp;<\/p>\n<p><strong><span style=\"text-decoration: underline;\">17.5.2016 At the interface between arts and development<\/span><\/strong><br \/>\nTaiteen ja tieteen, erityisesti kehitysmaatutkimuksen, rajapinnoista keskustelemassa olivat Kukka Ranta (HY), Antti Erkkil\u00e4 (ISY) sek\u00e4 Riikka Bado. Keskustelua johdatti Petter Korkman Tiuku ry:st\u00e4.<\/p>\n<p>&nbsp;<\/p>\n<p><strong><span style=\"text-decoration: underline;\">20.5.2015 Development research meets development cooperation<\/span><\/strong><br \/>\nKeskustelemassa kehitystutkimuksen ja kehityspolitiikan rajapinnoista olivat Sari Lehtiranta (UM), Riitta Launonen (Suomen Akatemia), Outi Hakkarainen (Kepa\/CRASH) ja Irmeli Mustalahti (ISY\/LYY).<\/p>\n<p>&nbsp;<\/p>\n<p><strong><span style=\"text-decoration: underline;\">10.6.2014 Career in development<\/span><\/strong><br \/>\nTapahtumassa keskusteltiin kehitys- ja kehitysmaatutkimuksen opintojen j\u00e4lkeisest\u00e4 ty\u00f6el\u00e4m\u00e4st\u00e4 Suomessa ja kansainv\u00e4lisesti. Se j\u00e4rjestettiin yhdess\u00e4 Kehitysmaatutkimuksen alumniyhdistyksen kanssa.<\/p>\n","protected":false},"excerpt":{"rendered":"<p>Kehitystutkimuksen seura j\u00e4rjest\u00e4\u00e4 politiikkaseminaareja s\u00e4\u00e4nn\u00f6llisesti. Tapahtuman tarkoituksena on pureutua ajankohtaisiin kehityskysymyksiin, luoda dialogia eri kehitystoimijoiden v\u00e4lille, avata uusia n\u00e4k\u00f6kulmia kehitystutkimukseen sek\u00e4 tavata j\u00e4seni\u00e4 vapaamuotoisen keskustelun parissa. FSDR organises policy seminars on regular basis. The aim of the seminars is to discuss topical development related issues, create dialogue between different actors, open new perspectives to development &hellip;<\/p>\n<p class=\"read-more\"> <a class=\"\" href=\"https:\/\/www.kehitystutkimus.fi\/?page_id=757\"> <span class=\"screen-reader-text\">Politiikkaseminaarit \/ Policy Seminars<\/span> Read More &raquo;<\/a><\/p>\n","protected":false},"author":1,"featured_media":0,"parent":27,"menu_order":3,"comment_status":"closed","ping_status":"closed","template":"","meta":{"footnotes":""},"class_list":["post-757","page","type-page","status-publish","hentry"],"_links":{"self":[{"href":"https:\/\/www.kehitystutkimus.fi\/index.php?rest_route=\/wp\/v2\/pages\/757","targetHints":{"allow":["GET"]}}],"collection":[{"href":"https:\/\/www.kehitystutkimus.fi\/index.php?rest_route=\/wp\/v2\/pages"}],"about":[{"href":"https:\/\/www.kehitystutkimus.fi\/index.php?rest_route=\/wp\/v2\/types\/page"}],"author":[{"embeddable":true,"href":"https:\/\/www.kehitystutkimus.fi\/index.php?rest_route=\/wp\/v2\/users\/1"}],"replies":[{"embeddable":true,"href":"https:\/\/www.kehitystutkimus.fi\/index.php?rest_route=%2Fwp%2Fv2%2Fcomments&post=757"}],"version-history":[{"count":32,"href":"https:\/\/www.kehitystutkimus.fi\/index.php?rest_route=\/wp\/v2\/pages\/757\/revisions"}],"predecessor-version":[{"id":2020,"href":"https:\/\/www.kehitystutkimus.fi\/index.php?rest_route=\/wp\/v2\/pages\/757\/revisions\/2020"}],"up":[{"embeddable":true,"href":"https:\/\/www.kehitystutkimus.fi\/index.php?rest_route=\/wp\/v2\/pages\/27"}],"wp:attachment":[{"href":"https:\/\/www.kehitystutkimus.fi\/index.php?rest_route=%2Fwp%2Fv2%2Fmedia&parent=757"}],"curies":[{"name":"wp","href":"https:\/\/api.w.org\/{rel}","templated":true}]}}