{"id":760,"date":"2016-06-01T08:48:49","date_gmt":"2016-06-01T05:48:49","guid":{"rendered":"http:\/\/www.kehitystutkimus.fi\/?page_id=760"},"modified":"2025-10-09T14:53:09","modified_gmt":"2025-10-09T11:53:09","slug":"gradupalkinto","status":"publish","type":"page","link":"https:\/\/www.kehitystutkimus.fi\/?page_id=760","title":{"rendered":"Gradupalkinto \/ Master&#8217;s Award"},"content":{"rendered":"<p>Kehitystutkimuksen seura on j\u00e4rjest\u00e4nyt vuosittaisen kehitystutkimuksen gradupalkinnon yhdess\u00e4 UniPID:n kanssa vuodesta 2012. Lis\u00e4tietoa englanniksi <a href=\"https:\/\/www.unipid.fi\/for-society\/masters-award\/\" target=\"_blank\" rel=\"noopener noreferrer\">UniPID:in sivuilta<\/a> ja alta.<\/p>\n<p><strong>Edellisten vuosien voittajat ja kunniamaininnan saaneet:<\/strong><\/p>\n<p><strong>2024<\/strong> <a href=\"https:\/\/trepo.tuni.fi\/handle\/10024\/152154\"><strong>Johanna Pajula:<\/strong> <strong>Contribution of social protection to resilience and well-being during humanitarian crises in Africa: A qualitative study on expert opinions<\/strong><\/a><br \/>\n\u2022 Kunniamaininta: <a href=\"https:\/\/trepo.tuni.fi\/handle\/10024\/156774\"><strong>Karoliina Himanen: <\/strong>Female Genital Mutilation (FGM\/C) Related Lower Urinary Tract Symptoms and Humanitarian Health Work: A Qualitative Study on Expert Views<\/a>\u2022 Kunniamaininta: <a href=\"https:\/\/www.doria.fi\/handle\/10024\/189184\"><strong>Alice Alexis Chunga: <\/strong>Broken Sisterhood: Investigating Social Exclusion of Black African Feminist Women in the White Finnish Feminist Movement<\/a><br \/>\n\u2022 Kunniamaininta: <a href=\"https:\/\/jyx.jyu.fi\/jyx\/Record\/jyx_123456789_95695\/Details?lng=fi\"><strong>Shalvi Sinha: <\/strong>Contextualising Health Agency \u2013 Exploration of Narratives from Marginalised Women in Varanasi, India<\/a><br \/>\n\u2022 Kunniamaininta: <a href=\"https:\/\/aaltodoc.aalto.fi\/items\/dd82dd8d-f1f0-4cca-a7f7-aaa384fd6d9b\"><strong>Marina Caregnato Garcia: <\/strong>Does Speaking Order Matter for Equality of Participation During Meetings? Results from Experiments with Malawian Farmers<\/a><br \/>\nKunniamaininta: <a href=\"https:\/\/oulurepo.oulu.fi\/handle\/10024\/50849\"><strong>Albina Marchenko: <\/strong>\u201cProving Never Ends\u201d: Foreign Origin and its Impact on International Students\u2019 Well-being Behind Internationalization of Higher Education<\/a><\/p>\n<p><strong>2023<\/strong> <a href=\"https:\/\/trepo.tuni.fi\/bitstream\/handle\/10024\/147826\/Yla-KotolaLiisi.pdf?sequence=2&amp;isAllowed=y\"><strong>Liisi Yl\u00e4-Kotola: Perspectives on social work values from the Palestinian refugee camps of Lebanon: A decolonial approach<\/strong><\/a><br \/>\n\u2022 Kunniamaininta: <a href=\"https:\/\/helda.helsinki.fi\/items\/05addaaf-3744-4dc5-a5e3-4bdb70e9bcac\"><strong>Luna Erica:\u00a0<\/strong>Investigating the representation of Ukraine in the UK press: A corpus-assisted APPRAISAL and discourse analysis of the 2022 Russian invasion of Ukraine<\/a><br \/>\n\u2022 Kunniamaininta: <a href=\"https:\/\/helda.helsinki.fi\/server\/api\/core\/bitstreams\/1734b8c9-0a44-4f97-a3fa-37cc8019a9ba\/content\"><strong>Anniina Urvas:\u00a0<\/strong>Environmental justice of the European green deal: An explanatory critique of the energy transition<\/a><br \/>\n\u2022 Kunniamaininta: <a href=\"https:\/\/oulurepo.oulu.fi\/handle\/10024\/42219\"><strong>Bhumika Bandodker: <\/strong>A case study on professional development of teachers in India<\/a><br \/>\n\u2022 Kunniamaininta: <a href=\"https:\/\/erepo.uef.fi\/handle\/123456789\/28724?locale-attribute=fi\"><strong>Lan Huong Nguyen: <\/strong>Enhancing sustainable lifelong learning in higher education for the future uncertainties: A mixed methods study on Vietnamese undergraduates<\/a><\/p>\n<p><strong>2022 <a href=\"https:\/\/helda.helsinki.fi\/handle\/10138\/345661\">Suvi Baloch: <\/a><a href=\"https:\/\/helda.helsinki.fi\/handle\/10138\/345661\">\u201c<\/a><a href=\"https:\/\/helda.helsinki.fi\/handle\/10138\/345661\">This is democracy in action\u201d. Critical discourse analysis on women\u2019s rights organizations\u2019 approaches to ending VAW in Pakistan<\/a><\/strong><br \/>\n\u2022 Kunniamaininta:<a href=\"https:\/\/helda.helsinki.fi\/items\/f03774fd-e46e-44eb-a037-2d1d98b5a59e\"><strong> Noora Isom\u00e4ki:<\/strong> <span class=\"dont-break-out\">Producing Carbon Credits : how to conserve a forest in Cambodia and sell it in Finland?<\/span><\/a><br \/>\n\u2022 Kunniamaininta: <a href=\"https:\/\/helda.helsinki.fi\/items\/f3bb4b18-8c6a-42d0-b810-3205ed0c74d6\"><strong>Johanna Miettinen: <\/strong><span class=\"dont-break-out\">Nonviolent Resistance on Wheels : Study on the multidimensional effects of skateboarding in Palestine<\/span><\/a><br \/>\n\u2022 Kunniamaininta: <a href=\"https:\/\/www.utupub.fi\/bitstream\/handle\/10024\/154458\/Valkeinen_Anni_opinn%C3%83%C2%A4yte.pdf?sequence=1&amp;isAllowed=y\"><strong>Anni Valkeinen:<\/strong> Korkeakoulutetut paluumuuttajat osana Gr\u00f6nlannin tietoyhteiskuntakehityst\u00e4\u00a0<\/a><\/p>\n<p><strong>2021 <a href=\"https:\/\/helda.helsinki.fi\/handle\/10138\/331230\">Nina Simberg-Koulumies: <\/a><a href=\"https:\/\/helda.helsinki.fi\/handle\/10138\/331230\">The political economy of ending the fossil fuel era: lessons from the Lake Turkana Wind Power project in Kenya<\/a><\/strong><br \/>\n\u2022 Kunniamaininta: <a href=\"https:\/\/aaltodoc.aalto.fi\/handle\/123456789\/103355\"><strong>Hannin Alnimri: <\/strong>Inner city life: A socially resilient development plan for the inner core of the city of Irbid<\/a><br \/>\n\u2022 Kunniamaininta:<a href=\"https:\/\/helda.helsinki.fi\/handle\/10138\/323741\"> <strong>Saana Hokkanen: <\/strong>Distorted imaginaries in a world of crisis : a world-ecological analysis of the imaginaries at the root of United Nations\u2019 climate responses<\/a><br \/>\n\u2022 Kunniamaininta: <a href=\"https:\/\/helda.helsinki.fi\/handle\/10138\/332009\"><strong>Linda Lammensalo: <\/strong>Intersections of sexual and reproductive health and rights and climate change : a postcolonial feminist analysis<\/a><\/p>\n<p><strong>2019 <\/strong><a href=\"https:\/\/helda.helsinki.fi\/handle\/10138\/277709\" target=\"_blank\" rel=\"noopener noreferrer\"><strong>Martta Kaskinen: Just Fundraising? Finnish NGO campaign imaginaries of women and girls in the Global South<\/strong><\/a><br \/>\n\u2022 Kunniamaininta: <a href=\"https:\/\/jyx.jyu.fi\/handle\/123456789\/64183?locale-attribute=en\" target=\"_blank\" rel=\"noopener noreferrer\"><strong>Daniel Nyarko-Afriyie<\/strong>: To Go or Not to Go: Assessing the &#8220;Borga&#8221; image as a factor in the decision-making process of the prospective Ghanaian migrant<\/a><br \/>\n\u2022 Kunniamaininta: <a href=\"https:\/\/jyx.jyu.fi\/handle\/123456789\/59805\" target=\"_blank\" rel=\"noopener noreferrer\"><strong>Quivine Ndomo<\/strong>: Rationalized Realities: An interpretation of the narrated lived experiences of African international student migrants staying in Finland<\/a><br \/>\n\u2022 Kunniamaininta: <a href=\"https:\/\/ethesis.helsinki.fi\/repository\/handle\/123456789\/21059\"><strong>Katriina Huttunen<\/strong>: Affective attachments to structures of inequality: Translations of global power asymmetries in touristic dance and music workshops in Senegal<\/a><\/p>\n<p><strong>2018 <a href=\"https:\/\/abo.finna.fi\/Record\/alma.1315293\" target=\"_blank\" rel=\"noopener noreferrer\">Michel Rouleau-Dick (2018) Statelessness, statehood and environmentally-displaced persons: the quest for a legal status.<\/a><\/strong><br \/>\n\u2022 Kunniamaininta: <a href=\"https:\/\/helda.helsinki.fi\/handle\/10138\/232050\"><strong>Linda Sivander<\/strong>: Life with breaking water supply \u2013 boreholes and the governance of water in northern Uganda.<\/a><br \/>\n\u2022 Kunniamaininta: <a href=\"http:\/\/tampub.uta.fi\/handle\/10024\/103263\"><strong>Erich Molz<\/strong>: Does intercultural competence matter? New perspectives on relationship-building in unarmed civilian protection.<\/a><\/p>\n<p><strong>2017\u00a0<a href=\"http:\/\/tampub.uta.fi\/handle\/10024\/103263\">Antti Tarvainen: &#8220;I, Post-Palestinian Entr<\/a><a href=\"https:\/\/helda.helsinki.fi\/handle\/10138\/193642\">epreneur\u201d Transformations of subalternity in the \u201dstart-up nation\u201d of Israel.<\/a><br \/>\n<\/strong>\u2022 Kunniamaininta: <a href=\"https:\/\/jyx.jyu.fi\/handle\/123456789\/53312\"><strong>Veera Virmasalo: <\/strong>Inspiring elite action for a more just society? Media framing of elite social responsibility in an unequal, unconsolidated democracy. A case study from Namibia.<\/a><br \/>\n\u2022 Kunniamaininta: <a href=\"https:\/\/aaltodoc.aalto.fi\/handle\/123456789\/27176\"><strong>Jymy Parhiala:<\/strong>\u00a0The applicability of the MinimumViable Product approach in hardware product development in a developing country context \u2013 concept validation process for a startup.<\/a><\/p>\n<p><strong>2016 <a href=\"https:\/\/jyx.jyu.fi\/handle\/123456789\/48467\">Marinka R\u00e4s\u00e4nen: Political economy and ecology of water control dynamics of water policy reform and water justice in Taita Hills, South-Eastern Kenya.<\/a>\u00a0<\/strong>&gt;&gt; <strong><a href=\"http:\/\/www.unipid.fi\/en\/news\/338\/master_s_award_ceremony_at_the_development_days_conference_2017\/\" target=\"_blank\" rel=\"noopener noreferrer\">Lue lis\u00e4\u00e4<\/a><\/strong><br \/>\n\u2022 Kunniamaininta: <a href=\"https:\/\/helda.helsinki.fi\/handle\/10138\/163910\"><strong>Y\u00ean Mai: <\/strong>Constructing the Vietnamese queer identities: A hierarchy of class, gender and sexuality.<\/a><br \/>\n\u2022 Kunniamaininta:<a href=\"https:\/\/tampub.uta.fi\/handle\/10024\/98211\"> <strong>Jenni Puroila:<\/strong>\u00a0What really matters? Materiality disclosures in sustainability reporting practices.<\/a><\/p>\n<p><strong>2015\u00a0<a href=\"https:\/\/helda.helsinki.fi\/handle\/10138\/136068\">Tomi Lounio: Population Dynamics and Livelihood Change on Ukara Island, Lake Victoria.<\/a><\/strong><br \/>\n\u2022 Kunniamaininta: <a href=\"https:\/\/helda.helsinki.fi\/handle\/10138\/154150\"><strong>Noora Stenholm: <\/strong>Gendered perspectives on rehabilitation after involuntary resettlement in urban Sri Lanka.<\/a><br \/>\n\u2022 Kunniamaininta: <a href=\"https:\/\/utu.finna.fi\/Record\/volter.1764460\"><strong>Paula Pankakoski:<\/strong>\u00a0Place and Belonging &#8211; an Ethnography of Rural Migrant Children in Beijing.<\/a><\/p>\n<p><strong>2014\u00a0<a href=\"https:\/\/helda.helsinki.fi\/handle\/10138\/41749\">Henry Salas Lazo: Local Voices and Perspectives: A Study on the Contextualisation of Women\u2019s Empowerment in Lima, Peru.<\/a><\/strong><br \/>\n\u2022 Kunniamaininta:<a href=\"https:\/\/tuhat.helsinki.fi\/portal\/fi\/publications\/ryoestetty-meri(479722bf-6c60-4662-a274-8a1d8e0a9aa1).html\"> <strong>Kukka Ranta: <\/strong>Ry\u00f6stetty meri &#8211; Euroopan unionin kalastussopimusten vaikutuksent Senegalin pienkalastajien ruokaturvaan ja elinkeinoon.<\/a><br \/>\n\u2022 Kunniamaininta:\u00a0<strong>Lauri Heino: <\/strong>The Idea of Conditional Cash Transfers<\/p>\n<p><strong>2013\u00a0<a href=\"https:\/\/helda.helsinki.fi\/handle\/10138\/41908\">Reetta Korhonen: Oman arvo: Etel\u00e4-Meksikon Oaxacan osavaltion yhteis\u00f6radiot intiaaniuden uudelleenmuokkaamisen tiloina.<\/a><\/strong><br \/>\n\u2022 Kunniamaininta: <strong>Hilkka Jokinen: <\/strong>Regaining agency? An Ethnographic Case Study of Women\u2019s Associative Practices in Luapula, Zambia.<br \/>\n\u2022 Kunniamaininta: <a href=\"https:\/\/aaltodoc.aalto.fi\/handle\/123456789\/8955\"><strong>Laura Kangas:<\/strong> The WTO and ambiguous language of development. A rhetorical analysis of the development discourse of the World Trade Organization.<\/a><\/p>\n<p><strong>2012\u00a0<a href=\"https:\/\/aaltodoc.aalto.fi\/handle\/123456789\/3899\">Laura Ansala: Motives, channels and migration for remittances: Evidence from Uganda, Senegal and Nigeria.<\/a><\/strong><br \/>\n\u2022 Kunniamaininta: <a href=\"http:\/\/epublications.uef.fi\/pub\/urn_nbn_fi_uef-20120630\/\"><strong>Johanna Turunen:<\/strong>\u00a0In the Face of Violence: Identity, Justification and the Individual in Rwanda.<\/a><br \/>\n\u2022 Kunniamaininta:<strong>\u00a0<\/strong><a href=\"https:\/\/helda.helsinki.fi\/handle\/10138\/32704\"><strong>Eeva Ruuska:<\/strong>\u00a0The Significance and Sustainability of Charcoal Production in the Changing Landscape of Dakatcha Woodland, SE Kenya.<\/a><\/p>\n","protected":false},"excerpt":{"rendered":"<p>Kehitystutkimuksen seura on j\u00e4rjest\u00e4nyt vuosittaisen kehitystutkimuksen gradupalkinnon yhdess\u00e4 UniPID:n kanssa vuodesta 2012. Lis\u00e4tietoa englanniksi UniPID:in sivuilta ja alta. Edellisten vuosien voittajat ja kunniamaininnan saaneet: 2024 Johanna Pajula: Contribution of social protection to resilience and well-being during humanitarian crises in Africa: A qualitative study on expert opinions \u2022 Kunniamaininta: Karoliina Himanen: Female Genital Mutilation (FGM\/C) Related &hellip;<\/p>\n<p class=\"read-more\"> <a class=\"\" href=\"https:\/\/www.kehitystutkimus.fi\/?page_id=760\"> <span class=\"screen-reader-text\">Gradupalkinto \/ Master&#8217;s Award<\/span> Read More &raquo;<\/a><\/p>\n","protected":false},"author":1,"featured_media":0,"parent":27,"menu_order":2,"comment_status":"closed","ping_status":"closed","template":"","meta":{"footnotes":""},"class_list":["post-760","page","type-page","status-publish","hentry"],"_links":{"self":[{"href":"https:\/\/www.kehitystutkimus.fi\/index.php?rest_route=\/wp\/v2\/pages\/760","targetHints":{"allow":["GET"]}}],"collection":[{"href":"https:\/\/www.kehitystutkimus.fi\/index.php?rest_route=\/wp\/v2\/pages"}],"about":[{"href":"https:\/\/www.kehitystutkimus.fi\/index.php?rest_route=\/wp\/v2\/types\/page"}],"author":[{"embeddable":true,"href":"https:\/\/www.kehitystutkimus.fi\/index.php?rest_route=\/wp\/v2\/users\/1"}],"replies":[{"embeddable":true,"href":"https:\/\/www.kehitystutkimus.fi\/index.php?rest_route=%2Fwp%2Fv2%2Fcomments&post=760"}],"version-history":[{"count":35,"href":"https:\/\/www.kehitystutkimus.fi\/index.php?rest_route=\/wp\/v2\/pages\/760\/revisions"}],"predecessor-version":[{"id":2147,"href":"https:\/\/www.kehitystutkimus.fi\/index.php?rest_route=\/wp\/v2\/pages\/760\/revisions\/2147"}],"up":[{"embeddable":true,"href":"https:\/\/www.kehitystutkimus.fi\/index.php?rest_route=\/wp\/v2\/pages\/27"}],"wp:attachment":[{"href":"https:\/\/www.kehitystutkimus.fi\/index.php?rest_route=%2Fwp%2Fv2%2Fmedia&parent=760"}],"curies":[{"name":"wp","href":"https:\/\/api.w.org\/{rel}","templated":true}]}}