{"id":764,"date":"2016-06-01T08:52:48","date_gmt":"2016-06-01T05:52:48","guid":{"rendered":"http:\/\/www.kehitystutkimus.fi\/?page_id=764"},"modified":"2025-12-28T22:54:17","modified_gmt":"2025-12-28T20:54:17","slug":"vaitoksia","status":"publish","type":"page","link":"https:\/\/www.kehitystutkimus.fi\/?page_id=764","title":{"rendered":"V\u00e4it\u00f6ksi\u00e4 \/ Dissertations"},"content":{"rendered":"<p>Huom! Alla oleva lista ei ole kattava; kehitystutkimuksen alaan kuuluvista v\u00e4it\u00f6skirjoista voi l\u00e4hett\u00e4\u00e4 tietoa meille osoitteeseen info@kehitystutkimus.fi.<\/p>\n<p><strong>Martta Kaskinen\u00a0<\/strong><\/p>\n<p>(2025) <a href=\"https:\/\/helda.helsinki.fi\/items\/6c1c6ff6-b8cc-4829-aca7-c36aceef90b5\">Gender, Development and the \u2018F-word\u2019 : Contested feminisms and activist struggles in the post-2010 development apparatus<\/a>. University of Helsinki<\/p>\n<p><strong>Emilio Del Pupo\u00a0<\/strong><\/p>\n<p>(2025) <a href=\"https:\/\/helda.helsinki.fi\/items\/d6a3f228-a466-40bd-98ca-3490ae059e11\">Green Deals and Raw Deals : Power, Sustainability and Agriculture in EU-Mercosur Trade Negotiations<\/a>. University of Helsinki<\/p>\n<p><strong>Antti Tarvainen\u00a0<\/strong><\/p>\n<p>(2025) <a href=\"https:\/\/helda.helsinki.fi\/items\/d3d0a1c6-1b9c-43c9-8d8b-9131629ec294\">Silicon Palestine: An inquiry into the entanglements of innovation and settler colonialism<\/a>. University of Helsinki<\/p>\n<p><strong>Sanna Komi<\/strong><\/p>\n<p>(2025) <a href=\"https:\/\/helda.helsinki.fi\/items\/3fc29f73-ecb3-4c67-b88f-5b6de4286032\">Belonging in Nature: Political ecology of convivial wolf conservation in Finland<\/a>. University of Helsinki<\/p>\n<p><strong>Anna Heikkinen<\/strong><\/p>\n<p>(2024) <span class=\"dont-break-out\">Struggles over silenced waterscapes : Claiming justice amidst climate change and mining in the Peruvian Andes (<a href=\"https:\/\/helda.helsinki.fi\/items\/3336d847-8377-4ca5-91e0-045154f7ef27\">read<\/a>). University of Helsinki<\/span><\/p>\n<p><strong>Katriina Huttunen<\/strong><\/p>\n<p>(2024) At the Edges of Vaccine Research: Relationalities of Science, Helping, and Microbes in a Nordic Clinical Trial in Benin (<a href=\"https:\/\/helda.helsinki.fi\/items\/3b88083c-69d6-4e0f-a165-1969ec10eb72\">read<\/a>). University of Helsinki<\/p>\n<p><strong>Maija M. Lassila<\/strong><\/p>\n<p>(2024) Incommensurabilities of New Arctic Extractive Projects: Resistance to Mining Among S\u00e1mi, Reindeer Herders and Local Communities in S\u00e1pmi and Finnish Lapland (<a href=\"https:\/\/helda.helsinki.fi\/items\/8b355000-3220-4328-9f3f-a91bea66b982\">read<\/a>). University of Helsinki<\/p>\n<p><strong>Violeta Guti\u00e9rrez-Zamora <\/strong><\/p>\n<p>(2023) Interweaving Environmentalities in the Heart of Mountains: Community Forestry in the Sierra Sur of Oaxaca, Mexico (<a href=\"https:\/\/erepo.uef.fi\/handle\/123456789\/29035\">read<\/a>). University of Eastern Finland,<\/p>\n<p><strong>Saila-Maria Saaristo<\/strong><\/p>\n<p>(2022) Transgressive Participation: Housing struggles, occupations and evictions in the Lisbon Metropolitan Area (<a href=\"https:\/\/researchportal.helsinki.fi\/fi\/publications\/transgressive-participation-housing-struggles-occupations-and-evi\">read<\/a>). University of Helsinki<\/p>\n<p><strong>Anna Salmivaara<br \/>\n<\/strong>(2022) The right to create rights. Labour struggles in Cambodia&#8217;s garment industry (<a href=\"http:\/\/urn.fi\/URN:ISBN:978-951-51-7036-1\">read<\/a>). University of Helsinki<\/p>\n<p><strong>Anja Onali<\/strong><br \/>\n(2021) Serving many masters: a Liberian non-governmental organization managing multiple legitimacy audiences (<a href=\"http:\/\/urn.fi\/URN:ISBN:978-951-39-8889-0\">read<\/a>). University of Jyv\u00e4skyl\u00e4<\/p>\n<p><strong>Mira K\u00e4k\u00f6nen<br \/>\n<\/strong>(2020) Fixing the fluid: Making resources and ordering hydrosocial relations in the Mekong Region (<a href=\"http:\/\/urn.fi\/URN:ISBN:978-951-51-6316-5\">read<\/a>). University of Helsinki<strong>.<br \/>\n<\/strong><\/p>\n<p><strong>Ilona Steiler<br \/>\n<\/strong>(2020) A concept at work: &#8216;Informal economy&#8217; and contestations of labour, law and the state in Tanzania (<a href=\"http:\/\/urn.fi\/URN:ISBN:978-951-51-6551-0\">read<\/a>). University of Helsinki.<\/p>\n<p><strong>Pamela White<br \/>\n<\/strong>The Go-Betweens: The Role of &#8216;Technical Assistance&#8217; in International Development Cooperation (<a href=\"http:\/\/urn.fi\/URN:ISBN:978-951-51-5657-0\">read<\/a>). University of Helsinki.<strong><br \/>\n<\/strong><\/p>\n<p><strong>Attila Paksi<br \/>\n<\/strong>(2020) Surviving &#8216;Development&#8217;: Rural development interventions, protected area management and formal education with the Khwe San in Bwabwata National Park, Namibia (<a href=\"http:\/\/urn.fi\/URN:ISBN:978-951-51-6348-6\">read<\/a>)<strong>. <\/strong>University of Helsinki.<strong><br \/>\n<\/strong><\/p>\n<p><strong>Elena Samonova<br \/>\n<\/strong>(2018) Unfinished Liberation: Agricultural Bonded Labour in India and Nepal and the Human Rights-based Approach. (<a href=\"http:\/\/urn.fi\/URN:ISBN:978-951-51-3343-4\">read<\/a>) University of Helsinki.<\/p>\n<p><strong>Bandana Gyawali<\/strong><br \/>\n(2018) \u201cAmbiguous Bikas \u2013 History of the Concept of Development in Nepal 1900-2006. (<a href=\"http:\/\/urn.fi\/URN:ISBN:978-951-51-3320-5\">read<\/a>) University of Helsinki.<\/p>\n<p><strong>Katono Ouma<\/strong><br \/>\n(2018) Land and Labour. The Micropolitics of resource grabbing in Kenya. (<a href=\"https:\/\/helda.helsinki.fi\/handle\/10138\/235221\">read<\/a>) University of Helsinki.<\/p>\n<p><strong>Liina-Maija Quist<\/strong><br \/>\n(2018) Contested Sea. The Politics of Space, Seafaring and Extraction among Fishers and the Oil Industry in Mexico. (<a href=\"http:\/\/urn.fi\/URN:ISBN:978-951-51-4047-0\">read<\/a>) University of Helsinki.<\/p>\n<p><strong>Henni Alava<br \/>\n<\/strong>(2017) &#8216;There is Confusion.&#8217; The Politics of Silence, Fear and Hope in Catholic and Protestant Northern Uganda<strong>. <\/strong>(<a href=\"https:\/\/helda.helsinki.fi\/handle\/10138\/222907\">read)<\/a> University of Helsinki<strong>.<br \/>\n<\/strong><\/p>\n<p><strong>Maylin Meincke<br \/>\n<\/strong>(2016)\u00a0Public Health, Science and the Economy &#8211; The onto-politics of traditional medicine in Namibia\u00a0(<a href=\"http:\/\/urn.fi\/URN:ISBN:978-951-51-1040-4\" target=\"_blank\" rel=\"noopener noreferrer\">read<\/a>). University of Helsinki.<\/p>\n<p><strong>Henri Onodera<\/strong><br \/>\n(2015) Being a young activist in the late Mubarak era: An ethnography of political engagement in Egypt (<a href=\"https:\/\/helda.helsinki.fi\/handle\/10138\/154815\">read<\/a>) University of Helsinki.<\/p>\n<p><strong>Lalli Metsola<br \/>\n<\/strong>(2015) Reintegration as recognition: Ex-combatant and veteran politics in Namibia (<a href=\"https:\/\/helda.helsinki.fi\/handle\/10138\/154055\">read<\/a>). University of Helsinki.<\/p>\n<p><strong>Wolfgang Zeller<\/strong><br \/>\n(2015) What makes borders real: In the Namibia-Zambia and Uganda-South Sudan borderlands (<a href=\"https:\/\/helda.helsinki.fi\/handle\/10138\/153542\">read<\/a>). University of Helsinki.<\/p>\n<p><strong>Eija Ranta<br \/>\n<\/strong>(2014) In the name of Vivir Bien: Indigeneity, state formation and politics in Evo Morales\u2019 Bolivia (<a href=\"https:\/\/helda.helsinki.fi\/handle\/10138\/136101\">read<\/a>). University of Helsinki.<\/p>\n<p><strong>Erja H\u00e4nninen<br \/>\n<\/strong>(2014) Legitimating aid: Donors and policy making in the rural water supply and sanitation sector in Nepal (<a href=\"https:\/\/helda.helsinki.fi\/handle\/10138\/44980\">read<\/a>). University of Helsinki.<\/p>\n<p><strong>Joni Valkila<br \/>\n<\/strong>(2014) Fair trade coffee in Nicaragua: Impacts of certified production on cooperatives, farmers, and laborers (<a href=\"https:\/\/helda.helsinki.fi\/handle\/10138\/42569\">read<\/a>) University of Helsinki.<\/p>\n<p><strong>P\u00e4ivi Pirkkalainen<\/strong><strong><br \/>\n<\/strong>(2013) Transnational responsibilities and multi-sited strategies: Voluntary associations of Somali diaspora in Finland (<a href=\"https:\/\/jyx.jyu.fi\/dspace\/handle\/123456789\/42626\" target=\"_blank\" rel=\"noopener noreferrer\">read<\/a>) University of Jyv\u00e4skyl\u00e4.<\/p>\n<p><strong>Marikki Stocchetti<br \/>\n<\/strong>(2013) Inside the European Concensus on Development and Trade: Analysing the EU\u2019s normative power and policy coherence for development in global governance (<a href=\"http:\/\/urn.fi\/URN:ISBN:978-952-10-9069-1\" target=\"_blank\" rel=\"noopener noreferrer\">read<\/a>) University of Helsinki.<\/p>\n<p><strong>Gutu Olana Wayessa<\/strong><br \/>\n(2013) Displacement and resettlement: The livelihoods of settlers and hosts in Western Oromia, Ethiopia (<a href=\"http:\/\/urn.fi\/URN:ISBN:978-952-10-8783-7\" target=\"_blank\" rel=\"noopener noreferrer\">read<\/a>) University of Helsinki.<\/p>\n<p><strong>Johanna Hietalahti<\/strong><br \/>\n(2013) Trade-offs, rights and responsibilities in the business of microcredit: A case study from South Africa (<a href=\"http:\/\/urn.fi\/URN:ISBN:978-952-10-8689-2\" target=\"_blank\" rel=\"noopener noreferrer\">read<\/a>) University of Helsinki.<\/p>\n<p><strong>Anne Rosenlew<\/strong><br \/>\n(2012) Trajectories of three women\u2019s groups in urbanizing Senegal: Observing social capital and livelihoods in Rufisque (<a href=\"https:\/\/helda.helsinki.fi\/handle\/10138\/37614\" target=\"_blank\" rel=\"noopener noreferrer\">read<\/a>) University of Helsinki.<\/p>\n<p><strong>Nora Fagerholm<br \/>\n<\/strong>(2012) Community inhabitants\u2019 values and benefits in dynamic tropical forest landscapes: Participation and spatial analysis in landscape knowledge integration (<a href=\"http:\/\/www.doria.fi\/handle\/10024\/78721\" target=\"_blank\" rel=\"noopener noreferrer\">read<\/a>) University of Turku.<\/p>\n<p><strong>Sofia Laine<\/strong><br \/>\n(2012) Young actors in transnational agoras: Multi-sited ethnography of cosmopolitan micropolitical orientations (<a href=\"https:\/\/helda.helsinki.fi\/handle\/10138\/29314\" target=\"_blank\" rel=\"noopener noreferrer\">read<\/a>) University of Helsinki.<\/p>\n<p><strong>Toni Haapanen<\/strong><br \/>\n(2011) Rural food system change in Tanzania during the post-Ujamaa era. A case study from Western Bagamoyo district (<a href=\"https:\/\/www.doria.fi\/handle\/10024\/72580\">read<\/a>) University of Turku.<\/p>\n<p><strong>Ali Qadir<\/strong><br \/>\n(2011) Tangential modernity: Culture of higher education reform in Pakistan (<a href=\"http:\/\/acta.uta.fi\/teos.php?id=1000074\">read<\/a>) University of Tampere.<\/p>\n<p><strong>Nina Himberg<\/strong><br \/>\n(2011) Traditionally protected forests\u2019 role within transforming natural resource management regimes in Taita Hills, Kenya (<a href=\"https:\/\/helda.helsinki.fi\/handle\/10138\/28128\" target=\"_blank\" rel=\"noopener noreferrer\">read<\/a>) University of Helsinki.<\/p>\n<p><strong>Julia J\u00e4nis<\/strong><br \/>\n(2011) The Tourism-Development Nexus in Namibia: A study on national tourism policy and local tourism enterprises\u2019 policy knowledge (<a href=\"https:\/\/helda.helsinki.fi\/handle\/10138\/27778\" target=\"_blank\" rel=\"noopener noreferrer\">read<\/a>) University of Helsinki.<\/p>\n<p><strong>P\u00e4ivi Mattila<\/strong><br \/>\n(2011) Domestic labour relations in India: Vulnerability and gendered life courses in Jaipur\u00a0 (<a href=\"https:\/\/helda.helsinki.fi\/handle\/10138\/27783\">read<\/a>) University of Helsinki.<\/p>\n<p><strong>Heini Vihem\u00e4ki<\/strong><br \/>\n(2009) Participation or further exclusion? : Contestations over forest conservation and control in the East Usambara Mountains, Tanzania (<a href=\"http:\/\/urn.fi\/URN:ISBN:978-952-10-5831-8\" target=\"_blank\" rel=\"noopener noreferrer\">read<\/a>) University of Helsinki.<\/p>\n<p><strong>Shiyong Wang<\/strong><br \/>\n(2009) Tibetan market participation in China (<a href=\"http:\/\/www.doria.fi\/handle\/10024\/47341\">read<\/a>) University of Helsinki.<\/p>\n<p><strong>Khondker Aktaruzzaman<\/strong><br \/>\n(2009) Essays on microcredit in rural Bangladesh (<a href=\"http:\/\/urn.fi\/URN:ISBN:978-952-10-4838-8\" target=\"_blank\" rel=\"noopener noreferrer\">read<\/a>) University of Helsinki.<\/p>\n","protected":false},"excerpt":{"rendered":"<p>Huom! Alla oleva lista ei ole kattava; kehitystutkimuksen alaan kuuluvista v\u00e4it\u00f6skirjoista voi l\u00e4hett\u00e4\u00e4 tietoa meille osoitteeseen info@kehitystutkimus.fi. Martta Kaskinen\u00a0 (2025) Gender, Development and the \u2018F-word\u2019 : Contested feminisms and activist struggles in the post-2010 development apparatus. University of Helsinki Emilio Del Pupo\u00a0 (2025) Green Deals and Raw Deals : Power, Sustainability and Agriculture in EU-Mercosur &hellip;<\/p>\n<p class=\"read-more\"> <a class=\"\" href=\"https:\/\/www.kehitystutkimus.fi\/?page_id=764\"> <span class=\"screen-reader-text\">V\u00e4it\u00f6ksi\u00e4 \/ Dissertations<\/span> Read More &raquo;<\/a><\/p>\n","protected":false},"author":1,"featured_media":0,"parent":202,"menu_order":60,"comment_status":"closed","ping_status":"closed","template":"","meta":{"footnotes":""},"class_list":["post-764","page","type-page","status-publish","hentry"],"_links":{"self":[{"href":"https:\/\/www.kehitystutkimus.fi\/index.php?rest_route=\/wp\/v2\/pages\/764","targetHints":{"allow":["GET"]}}],"collection":[{"href":"https:\/\/www.kehitystutkimus.fi\/index.php?rest_route=\/wp\/v2\/pages"}],"about":[{"href":"https:\/\/www.kehitystutkimus.fi\/index.php?rest_route=\/wp\/v2\/types\/page"}],"author":[{"embeddable":true,"href":"https:\/\/www.kehitystutkimus.fi\/index.php?rest_route=\/wp\/v2\/users\/1"}],"replies":[{"embeddable":true,"href":"https:\/\/www.kehitystutkimus.fi\/index.php?rest_route=%2Fwp%2Fv2%2Fcomments&post=764"}],"version-history":[{"count":20,"href":"https:\/\/www.kehitystutkimus.fi\/index.php?rest_route=\/wp\/v2\/pages\/764\/revisions"}],"predecessor-version":[{"id":2200,"href":"https:\/\/www.kehitystutkimus.fi\/index.php?rest_route=\/wp\/v2\/pages\/764\/revisions\/2200"}],"up":[{"embeddable":true,"href":"https:\/\/www.kehitystutkimus.fi\/index.php?rest_route=\/wp\/v2\/pages\/202"}],"wp:attachment":[{"href":"https:\/\/www.kehitystutkimus.fi\/index.php?rest_route=%2Fwp%2Fv2%2Fmedia&parent=764"}],"curies":[{"name":"wp","href":"https:\/\/api.w.org\/{rel}","templated":true}]}}